{"id":345,"date":"2022-01-04T08:27:18","date_gmt":"2022-01-04T07:27:18","guid":{"rendered":"https:\/\/live.21lab.co\/fixlab\/?page_id=345"},"modified":"2022-10-26T11:26:01","modified_gmt":"2022-10-26T09:26:01","slug":"informaciok","status":"publish","type":"page","link":"https:\/\/thermalati.hu\/site\/informaciok\/","title":{"rendered":"Inform\u00e1ci\u00f3k"},"content":{"rendered":"\t\t<div data-elementor-type=\"wp-page\" data-elementor-id=\"345\" class=\"elementor elementor-345\" data-elementor-settings=\"[]\">\n\t\t\t\t\t\t\t<div class=\"elementor-section-wrap\">\n\t\t\t\t\t\t\t<div class=\"elementor-section elementor-top-section elementor-element elementor-element-ffff4fb elementor-section-boxed elementor-section-height-default elementor-section-height-default\" data-id=\"ffff4fb\" data-element_type=\"section\">\n\t\t\t\t\t\t<div class=\"elementor-container elementor-column-gap-default\">\n\t\t\t\t\t<div class=\"elementor-column elementor-col-100 elementor-top-column elementor-element elementor-element-dbd6cda\" data-id=\"dbd6cda\" data-element_type=\"column\">\n\t\t\t<div class=\"elementor-widget-wrap elementor-element-populated\">\n\t\t\t\t\t\t\t\t<div class=\"elementor-element elementor-element-aced451 elementor-widget elementor-widget-toggle\" data-id=\"aced451\" data-element_type=\"widget\" data-widget_type=\"toggle.default\">\n\t\t\t\t<div class=\"elementor-widget-container\">\n\t\t\t<style>\/*! elementor - v3.5.6 - 28-02-2022 *\/\n.elementor-toggle{text-align:left}.elementor-toggle .elementor-tab-title{font-weight:700;line-height:1;margin:0;padding:15px;border-bottom:1px solid #d4d4d4;cursor:pointer;outline:none}.elementor-toggle .elementor-tab-title .elementor-toggle-icon{display:inline-block;width:1em}.elementor-toggle .elementor-tab-title .elementor-toggle-icon svg{-webkit-margin-start:-5px;margin-inline-start:-5px;width:1em;height:1em}.elementor-toggle .elementor-tab-title .elementor-toggle-icon.elementor-toggle-icon-right{float:right;text-align:right}.elementor-toggle .elementor-tab-title .elementor-toggle-icon.elementor-toggle-icon-left{float:left;text-align:left}.elementor-toggle .elementor-tab-title .elementor-toggle-icon .elementor-toggle-icon-closed{display:block}.elementor-toggle .elementor-tab-title .elementor-toggle-icon .elementor-toggle-icon-opened{display:none}.elementor-toggle .elementor-tab-title.elementor-active{border-bottom:none}.elementor-toggle .elementor-tab-title.elementor-active .elementor-toggle-icon-closed{display:none}.elementor-toggle .elementor-tab-title.elementor-active .elementor-toggle-icon-opened{display:block}.elementor-toggle .elementor-tab-content{padding:15px;border-bottom:1px solid #d4d4d4;display:none}@media (max-width:767px){.elementor-toggle .elementor-tab-title{padding:12px}.elementor-toggle .elementor-tab-content{padding:12px 10px}}<\/style>\t\t<div class=\"elementor-toggle\" role=\"tablist\">\n\t\t\t\t\t\t\t<div class=\"elementor-toggle-item\">\n\t\t\t\t\t<div id=\"elementor-tab-title-1811\" class=\"elementor-tab-title\" data-tab=\"1\" role=\"tab\" aria-controls=\"elementor-tab-content-1811\" aria-expanded=\"false\">\n\t\t\t\t\t\t\t\t\t\t\t\t<span class=\"elementor-toggle-icon elementor-toggle-icon-left\" aria-hidden=\"true\">\n\t\t\t\t\t\t\t\t\t\t\t\t\t\t\t<span class=\"elementor-toggle-icon-closed\"><svg class=\"e-font-icon-svg e-fas-caret-right\"><use xlink:href=\"#fas-caret-right\" \/><\/svg><\/span>\n\t\t\t\t\t\t\t\t<span class=\"elementor-toggle-icon-opened\"><svg class=\"elementor-toggle-icon-opened e-font-icon-svg e-fas-caret-up\"><use xlink:href=\"#fas-caret-up\" \/><\/svg><\/span>\n\t\t\t\t\t\t\t\t\t\t\t\t\t<\/span>\n\t\t\t\t\t\t\t\t\t\t\t\t<a href=\"\" class=\"elementor-toggle-title\">Jelentkez\u00e9s \u00e9s kedvezm\u00e9nyek<\/a>\n\t\t\t\t\t<\/div>\n\n\t\t\t\t\t<div id=\"elementor-tab-content-1811\" class=\"elementor-tab-content elementor-clearfix\" data-tab=\"1\" role=\"tabpanel\" aria-labelledby=\"elementor-tab-title-1811\"><p>JELENTKEZNI: Interneten, szem\u00e9lyesen, a helysz\u00ednen vagy a+36-30\/402-1010 \u00e9s a 66\/326-524-es telefonon. T\u00f6bb kateg\u00f3ria egy\u00fcttes elv\u00e9gz\u00e9se eset\u00e9n tov\u00e1bbi 50% elm\u00e9leti d\u00edjkedvezm\u00e9ny a m\u00e1sodik kateg\u00f3ri\u00e1b\u00f3l<\/p><p>ISKOL\u00c1NKN\u00c1L MINDEN K\u00d6LTS\u00c9GET (R\u00c9SZLETEKBEN) CSAK A FELMER\u00dcL\u00c9SEKOR KELL FIZETNI! Szerz\u0151d\u00e9sben garant\u00e1ljuk, hogy a felsorolt tanfolyamd\u00edjak 6 h\u00f3napig NEM EMELKEDNEK!<\/p><p>.<\/p><\/div>\n\t\t\t\t<\/div>\n\t\t\t\t\t\t\t<div class=\"elementor-toggle-item\">\n\t\t\t\t\t<div id=\"elementor-tab-title-1812\" class=\"elementor-tab-title\" data-tab=\"2\" role=\"tab\" aria-controls=\"elementor-tab-content-1812\" aria-expanded=\"false\">\n\t\t\t\t\t\t\t\t\t\t\t\t<span class=\"elementor-toggle-icon elementor-toggle-icon-left\" aria-hidden=\"true\">\n\t\t\t\t\t\t\t\t\t\t\t\t\t\t\t<span class=\"elementor-toggle-icon-closed\"><svg class=\"e-font-icon-svg e-fas-caret-right\"><use xlink:href=\"#fas-caret-right\" \/><\/svg><\/span>\n\t\t\t\t\t\t\t\t<span class=\"elementor-toggle-icon-opened\"><svg class=\"elementor-toggle-icon-opened e-font-icon-svg e-fas-caret-up\"><use xlink:href=\"#fas-caret-up\" \/><\/svg><\/span>\n\t\t\t\t\t\t\t\t\t\t\t\t\t<\/span>\n\t\t\t\t\t\t\t\t\t\t\t\t<a href=\"\" class=\"elementor-toggle-title\">J\u00f3 tudni!<\/a>\n\t\t\t\t\t<\/div>\n\n\t\t\t\t\t<div id=\"elementor-tab-content-1812\" class=\"elementor-tab-content elementor-clearfix\" data-tab=\"2\" role=\"tabpanel\" aria-labelledby=\"elementor-tab-title-1812\"><p>Motoros k\u00e9pz\u00e9sn\u00e9l (ha sz\u00fcks\u00e9ges) tudunk motort biztos\u00edtani<\/p><p>Ha \u00d6n m\u00e1r tanfolyamot kezdett b\u00e1rmilyen kateg\u00f3ri\u00e1ban, \u00e9s a fenti inform\u00e1ci\u00f3k alapj\u00e1n \u00fagy \u00e9rzi, hogy \u00e9rdemesebb lett volna a THERM\u00c1L AUT\u00d3SISKOL\u00c1T v\u00e1lasztani, \u00fagy azt megteheti, mert joga van minden h\u00e1tr\u00e1nyos k\u00f6vetkezm\u00e9ny n\u00e9lk\u00fcl iskol\u00e1t v\u00e1ltani<\/p><p>Az iskolav\u00e1lt\u00e1s felt\u00e9tele az el\u0151z\u0151 k\u00e9pz\u0151szervn\u00e9l minden fajta tartoz\u00e1s rendez\u00e9se!<\/p><\/div>\n\t\t\t\t<\/div>\n\t\t\t\t\t\t\t<div class=\"elementor-toggle-item\">\n\t\t\t\t\t<div id=\"elementor-tab-title-1813\" class=\"elementor-tab-title\" data-tab=\"3\" role=\"tab\" aria-controls=\"elementor-tab-content-1813\" aria-expanded=\"false\">\n\t\t\t\t\t\t\t\t\t\t\t\t<span class=\"elementor-toggle-icon elementor-toggle-icon-left\" aria-hidden=\"true\">\n\t\t\t\t\t\t\t\t\t\t\t\t\t\t\t<span class=\"elementor-toggle-icon-closed\"><svg class=\"e-font-icon-svg e-fas-caret-right\"><use xlink:href=\"#fas-caret-right\" \/><\/svg><\/span>\n\t\t\t\t\t\t\t\t<span class=\"elementor-toggle-icon-opened\"><svg class=\"elementor-toggle-icon-opened e-font-icon-svg e-fas-caret-up\"><use xlink:href=\"#fas-caret-up\" \/><\/svg><\/span>\n\t\t\t\t\t\t\t\t\t\t\t\t\t<\/span>\n\t\t\t\t\t\t\t\t\t\t\t\t<a href=\"\" class=\"elementor-toggle-title\">Motoros k\u00e9pz\u00e9sek<\/a>\n\t\t\t\t\t<\/div>\n\n\t\t\t\t\t<div id=\"elementor-tab-content-1813\" class=\"elementor-tab-content elementor-clearfix\" data-tab=\"3\" role=\"tabpanel\" aria-labelledby=\"elementor-tab-title-1813\"><p>Motoros k\u00e9pz\u00e9sekn\u00e9l b\u00e1rmely kateg\u00f3ri\u00e1ban tudunk motort biztos\u00edtani!<\/p><p>Ha \u00d6n m\u00e1r tanfolyamot kezdett b\u00e1rmely kateg\u00f3ri\u00e1ban, \u00e9s a fenti inform\u00e1ci\u00f3k alapj\u00e1n \u00fagy \u00e9rzi, hogy \u00e9rdemesebb lett volna a THERM\u00c1L AUT\u00d3SISKOL\u00c1T v\u00e1lasztania, \u00fagy azt MEGTEHETI, mert joga van minden h\u00e1tr\u00e1nyos k\u00f6vetkezm\u00e9ny n\u00e9lk\u00fcl iskol\u00e1t v\u00e1ltani!<\/p><\/div>\n\t\t\t\t<\/div>\n\t\t\t\t\t\t\t<div class=\"elementor-toggle-item\">\n\t\t\t\t\t<div id=\"elementor-tab-title-1814\" class=\"elementor-tab-title\" data-tab=\"4\" role=\"tab\" aria-controls=\"elementor-tab-content-1814\" aria-expanded=\"false\">\n\t\t\t\t\t\t\t\t\t\t\t\t<span class=\"elementor-toggle-icon elementor-toggle-icon-left\" aria-hidden=\"true\">\n\t\t\t\t\t\t\t\t\t\t\t\t\t\t\t<span class=\"elementor-toggle-icon-closed\"><svg class=\"e-font-icon-svg e-fas-caret-right\"><use xlink:href=\"#fas-caret-right\" \/><\/svg><\/span>\n\t\t\t\t\t\t\t\t<span class=\"elementor-toggle-icon-opened\"><svg class=\"elementor-toggle-icon-opened e-font-icon-svg e-fas-caret-up\"><use xlink:href=\"#fas-caret-up\" \/><\/svg><\/span>\n\t\t\t\t\t\t\t\t\t\t\t\t\t<\/span>\n\t\t\t\t\t\t\t\t\t\t\t\t<a href=\"\" class=\"elementor-toggle-title\">Egy\u00e9b k\u00e9pz\u00e9sek<\/a>\n\t\t\t\t\t<\/div>\n\n\t\t\t\t\t<div id=\"elementor-tab-content-1814\" class=\"elementor-tab-content elementor-clearfix\" data-tab=\"4\" role=\"tabpanel\" aria-labelledby=\"elementor-tab-title-1814\"><p>Ismeretfeluj\u00edt\u00f3 k\u00e9pz\u00e9s m\u00e1r jogos\u00edtv\u00e1nnyal rendelkez\u0151knek is!<\/p>\n<p>Az iskola g\u00e9pkocsij\u00e1val, &#8211; \u00f3rad\u00edja 8.000.-Ft\/\u00f3ra.<\/p><\/div>\n\t\t\t\t<\/div>\n\t\t\t\t\t\t\t<div class=\"elementor-toggle-item\">\n\t\t\t\t\t<div id=\"elementor-tab-title-1815\" class=\"elementor-tab-title\" data-tab=\"5\" role=\"tab\" aria-controls=\"elementor-tab-content-1815\" aria-expanded=\"false\">\n\t\t\t\t\t\t\t\t\t\t\t\t<span class=\"elementor-toggle-icon elementor-toggle-icon-left\" aria-hidden=\"true\">\n\t\t\t\t\t\t\t\t\t\t\t\t\t\t\t<span class=\"elementor-toggle-icon-closed\"><svg class=\"e-font-icon-svg e-fas-caret-right\"><use xlink:href=\"#fas-caret-right\" \/><\/svg><\/span>\n\t\t\t\t\t\t\t\t<span class=\"elementor-toggle-icon-opened\"><svg class=\"elementor-toggle-icon-opened e-font-icon-svg e-fas-caret-up\"><use xlink:href=\"#fas-caret-up\" \/><\/svg><\/span>\n\t\t\t\t\t\t\t\t\t\t\t\t\t<\/span>\n\t\t\t\t\t\t\t\t\t\t\t\t<a href=\"\" class=\"elementor-toggle-title\">El\u00e9rhet\u0151s\u00e9gek \u00e9s sz\u00e1mlasz\u00e1munk<\/a>\n\t\t\t\t\t<\/div>\n\n\t\t\t\t\t<div id=\"elementor-tab-content-1815\" class=\"elementor-tab-content elementor-clearfix\" data-tab=\"5\" role=\"tabpanel\" aria-labelledby=\"elementor-tab-title-1815\"><p><b>Therm\u00e1l Aut\u00f3siskola Kft..<\/b><br \/>Sz\u00e9khely: 5600 B\u00e9k\u00e9scsaba, Alkotm\u00e1ny u. 27.<br \/>Mobil:\u00a0 +36-30\/402-1010<br \/>Telefon\/Fax: +36-66\/326-524<br \/>Nyitva tart\u00e1s: H\u00e9tf\u0151 09:00-14:00, Kedd 13:00-16:00<\/p><p><span style=\"color: #339966;\">Sz\u00e1mlasz\u00e1m: 53200118-11080604<\/span><\/p><\/div>\n\t\t\t\t<\/div>\n\t\t\t\t\t\t\t\t\t\t<script type=\"application\/ld+json\">{\"@context\":\"https:\\\/\\\/schema.org\",\"@type\":\"FAQPage\",\"mainEntity\":[{\"@type\":\"Question\",\"name\":\"Jelentkez\\u00e9s \\u00e9s kedvezm\\u00e9nyek\",\"acceptedAnswer\":{\"@type\":\"Answer\",\"text\":\"<p>JELENTKEZNI: Interneten, szem\\u00e9lyesen, a helysz\\u00ednen vagy a+36-30\\\/402-1010 \\u00e9s a 66\\\/326-524-es telefonon. T\\u00f6bb kateg\\u00f3ria egy\\u00fcttes elv\\u00e9gz\\u00e9se eset\\u00e9n tov\\u00e1bbi 50% elm\\u00e9leti d\\u00edjkedvezm\\u00e9ny a m\\u00e1sodik kateg\\u00f3ri\\u00e1b\\u00f3l<\\\/p><p>ISKOL\\u00c1NKN\\u00c1L MINDEN K\\u00d6LTS\\u00c9GET (R\\u00c9SZLETEKBEN) CSAK A FELMER\\u00dcL\\u00c9SEKOR KELL FIZETNI! Szerz\\u0151d\\u00e9sben garant\\u00e1ljuk, hogy a felsorolt tanfolyamd\\u00edjak 6 h\\u00f3napig NEM EMELKEDNEK!<\\\/p><p>.<\\\/p>\"}},{\"@type\":\"Question\",\"name\":\"J\\u00f3 tudni!\",\"acceptedAnswer\":{\"@type\":\"Answer\",\"text\":\"<p>Motoros k\\u00e9pz\\u00e9sn\\u00e9l (ha sz\\u00fcks\\u00e9ges) tudunk motort biztos\\u00edtani<\\\/p><p>Ha \\u00d6n m\\u00e1r tanfolyamot kezdett b\\u00e1rmilyen kateg\\u00f3ri\\u00e1ban, \\u00e9s a fenti inform\\u00e1ci\\u00f3k alapj\\u00e1n \\u00fagy \\u00e9rzi, hogy \\u00e9rdemesebb lett volna a THERM\\u00c1L AUT\\u00d3SISKOL\\u00c1T v\\u00e1lasztani, \\u00fagy azt megteheti, mert joga van minden h\\u00e1tr\\u00e1nyos k\\u00f6vetkezm\\u00e9ny n\\u00e9lk\\u00fcl iskol\\u00e1t v\\u00e1ltani<\\\/p><p>Az iskolav\\u00e1lt\\u00e1s felt\\u00e9tele az el\\u0151z\\u0151 k\\u00e9pz\\u0151szervn\\u00e9l minden fajta tartoz\\u00e1s rendez\\u00e9se!<\\\/p>\"}},{\"@type\":\"Question\",\"name\":\"Motoros k\\u00e9pz\\u00e9sek\",\"acceptedAnswer\":{\"@type\":\"Answer\",\"text\":\"<p>Motoros k\\u00e9pz\\u00e9sekn\\u00e9l b\\u00e1rmely kateg\\u00f3ri\\u00e1ban tudunk motort biztos\\u00edtani!<\\\/p><p>Ha \\u00d6n m\\u00e1r tanfolyamot kezdett b\\u00e1rmely kateg\\u00f3ri\\u00e1ban, \\u00e9s a fenti inform\\u00e1ci\\u00f3k alapj\\u00e1n \\u00fagy \\u00e9rzi, hogy \\u00e9rdemesebb lett volna a THERM\\u00c1L AUT\\u00d3SISKOL\\u00c1T v\\u00e1lasztania, \\u00fagy azt MEGTEHETI, mert joga van minden h\\u00e1tr\\u00e1nyos k\\u00f6vetkezm\\u00e9ny n\\u00e9lk\\u00fcl iskol\\u00e1t v\\u00e1ltani!<\\\/p>\"}},{\"@type\":\"Question\",\"name\":\"Egy\\u00e9b k\\u00e9pz\\u00e9sek\",\"acceptedAnswer\":{\"@type\":\"Answer\",\"text\":\"<p>Ismeretfeluj\\u00edt\\u00f3 k\\u00e9pz\\u00e9s m\\u00e1r jogos\\u00edtv\\u00e1nnyal rendelkez\\u0151knek is!<\\\/p>\\n<p>Az iskola g\\u00e9pkocsij\\u00e1val, &#8211; \\u00f3rad\\u00edja 8.000.-Ft\\\/\\u00f3ra.<\\\/p>\"}},{\"@type\":\"Question\",\"name\":\"El\\u00e9rhet\\u0151s\\u00e9gek \\u00e9s sz\\u00e1mlasz\\u00e1munk\",\"acceptedAnswer\":{\"@type\":\"Answer\",\"text\":\"<p><b>Therm\\u00e1l Aut\\u00f3siskola Kft..<\\\/b><br \\\/>Sz\\u00e9khely: 5600 B\\u00e9k\\u00e9scsaba, Alkotm\\u00e1ny u. 27.<br \\\/>Mobil:\\u00a0 +36-30\\\/402-1010<br \\\/>Telefon\\\/Fax: +36-66\\\/326-524<br \\\/>Nyitva tart\\u00e1s: H\\u00e9tf\\u0151 09:00-14:00, Kedd 13:00-16:00<\\\/p><p><span style=\\\"color: #339966;\\\">Sz\\u00e1mlasz\\u00e1m: 53200118-11080604<\\\/span><\\\/p>\"}}]}<\/script>\n\t\t\t\t\t<\/div>\n\t\t\t\t<\/div>\n\t\t\t\t<\/div>\n\t\t\t\t\t<\/div>\n\t\t<\/div>\n\t\t\t\t\t\t\t<\/div>\n\t\t<\/div>\n\t\t\t\t\t\t<\/div>\n\t\t\t\t\t<\/div>\n\t\t","protected":false},"excerpt":{"rendered":"<p>Jelentkez\u00e9s \u00e9s kedvezm\u00e9nyek JELENTKEZNI: Interneten, szem\u00e9lyesen, a helysz\u00ednen vagy a+36-30\/402-1010 \u00e9s a 66\/326-524-es telefonon. T\u00f6bb kateg\u00f3ria egy\u00fcttes elv\u00e9gz\u00e9se eset\u00e9n tov\u00e1bbi 50% elm\u00e9leti d\u00edjkedvezm\u00e9ny a m\u00e1sodik kateg\u00f3ri\u00e1b\u00f3l ISKOL\u00c1NKN\u00c1L MINDEN K\u00d6LTS\u00c9GET (R\u00c9SZLETEKBEN) CSAK A FELMER\u00dcL\u00c9SEKOR KELL FIZETNI! Szerz\u0151d\u00e9sben garant\u00e1ljuk, hogy a felsorolt tanfolyamd\u00edjak 6 h\u00f3napig NEM EMELKEDNEK! . J\u00f3 tudni! Motoros k\u00e9pz\u00e9sn\u00e9l (ha sz\u00fcks\u00e9ges) tudunk motort biztos\u00edtani [&hellip;]<\/p>\n","protected":false},"author":1,"featured_media":226,"parent":0,"menu_order":0,"comment_status":"closed","ping_status":"closed","template":"tmpl\/template-fullwidth.php","meta":[],"acf":[],"_links":{"self":[{"href":"https:\/\/thermalati.hu\/site\/wp-json\/wp\/v2\/pages\/345"}],"collection":[{"href":"https:\/\/thermalati.hu\/site\/wp-json\/wp\/v2\/pages"}],"about":[{"href":"https:\/\/thermalati.hu\/site\/wp-json\/wp\/v2\/types\/page"}],"author":[{"embeddable":true,"href":"https:\/\/thermalati.hu\/site\/wp-json\/wp\/v2\/users\/1"}],"replies":[{"embeddable":true,"href":"https:\/\/thermalati.hu\/site\/wp-json\/wp\/v2\/comments?post=345"}],"version-history":[{"count":21,"href":"https:\/\/thermalati.hu\/site\/wp-json\/wp\/v2\/pages\/345\/revisions"}],"predecessor-version":[{"id":2156,"href":"https:\/\/thermalati.hu\/site\/wp-json\/wp\/v2\/pages\/345\/revisions\/2156"}],"wp:featuredmedia":[{"embeddable":true,"href":"https:\/\/thermalati.hu\/site\/wp-json\/wp\/v2\/media\/226"}],"wp:attachment":[{"href":"https:\/\/thermalati.hu\/site\/wp-json\/wp\/v2\/media?parent=345"}],"curies":[{"name":"wp","href":"https:\/\/api.w.org\/{rel}","templated":true}]}}