{"id":188,"date":"2021-12-13T04:54:31","date_gmt":"2021-12-13T03:54:31","guid":{"rendered":"https:\/\/live.21lab.co\/fixlab\/?page_id=188"},"modified":"2023-09-21T10:42:31","modified_gmt":"2023-09-21T08:42:31","slug":"a1-kategoria","status":"publish","type":"page","link":"https:\/\/thermalati.hu\/site\/a1-kategoria\/","title":{"rendered":"&#8220;A1&#8221; max. 125ccm"},"content":{"rendered":"\t\t<div data-elementor-type=\"wp-page\" data-elementor-id=\"188\" class=\"elementor elementor-188\" data-elementor-settings=\"[]\">\n\t\t\t\t\t\t\t<div class=\"elementor-section-wrap\">\n\t\t\t\t\t\t\t<div class=\"elementor-section elementor-top-section elementor-element elementor-element-ee4cc85 elementor-section-boxed elementor-section-height-default elementor-section-height-default\" data-id=\"ee4cc85\" data-element_type=\"section\">\n\t\t\t\t\t\t<div class=\"elementor-container elementor-column-gap-wider\">\n\t\t\t\t\t<div class=\"elementor-column elementor-col-50 elementor-top-column elementor-element elementor-element-efd5133\" data-id=\"efd5133\" data-element_type=\"column\">\n\t\t\t<div class=\"elementor-widget-wrap elementor-element-populated\">\n\t\t\t\t\t\t\t\t<div class=\"elementor-element elementor-element-c22eb98 elementor-widget elementor-widget-heading\" data-id=\"c22eb98\" data-element_type=\"widget\" data-widget_type=\"heading.default\">\n\t\t\t\t<div class=\"elementor-widget-container\">\n\t\t\t<style>\/*! elementor - v3.5.6 - 28-02-2022 *\/\n.elementor-heading-title{padding:0;margin:0;line-height:1}.elementor-widget-heading .elementor-heading-title[class*=elementor-size-]>a{color:inherit;font-size:inherit;line-height:inherit}.elementor-widget-heading .elementor-heading-title.elementor-size-small{font-size:15px}.elementor-widget-heading .elementor-heading-title.elementor-size-medium{font-size:19px}.elementor-widget-heading .elementor-heading-title.elementor-size-large{font-size:29px}.elementor-widget-heading .elementor-heading-title.elementor-size-xl{font-size:39px}.elementor-widget-heading .elementor-heading-title.elementor-size-xxl{font-size:59px}<\/style><h2 class=\"elementor-heading-title elementor-size-default\">\"A1\" kateg\u00f3ria - Max. 125 ccm elm\u00e9leti k\u00f6lts\u00e9gei<\/h2>\t\t<\/div>\n\t\t\t\t<\/div>\n\t\t\t\t<div class=\"elementor-element elementor-element-e904eb8 elementor-widget elementor-widget-text-editor\" data-id=\"e904eb8\" data-element_type=\"widget\" data-widget_type=\"text-editor.default\">\n\t\t\t\t<div class=\"elementor-widget-container\">\n\t\t\t<style>\/*! elementor - v3.5.6 - 28-02-2022 *\/\n.elementor-widget-text-editor.elementor-drop-cap-view-stacked .elementor-drop-cap{background-color:#818a91;color:#fff}.elementor-widget-text-editor.elementor-drop-cap-view-framed .elementor-drop-cap{color:#818a91;border:3px solid;background-color:transparent}.elementor-widget-text-editor:not(.elementor-drop-cap-view-default) .elementor-drop-cap{margin-top:8px}.elementor-widget-text-editor:not(.elementor-drop-cap-view-default) .elementor-drop-cap-letter{width:1em;height:1em}.elementor-widget-text-editor .elementor-drop-cap{float:left;text-align:center;line-height:1;font-size:50px}.elementor-widget-text-editor .elementor-drop-cap-letter{display:inline-block}<\/style>\t\t\t\t<p><span style=\"color: #008000;\">A tanfolyamra 15,5 \u00e9ves kort\u00f3l lehet jelentkezni!<\/span><\/p>\t\t\t\t\t\t<\/div>\n\t\t\t\t<\/div>\n\t\t\t\t<div class=\"elementor-section elementor-inner-section elementor-element elementor-element-8c70874 elementor-section-content-middle elementor-section-full_width elementor-section-height-default elementor-section-height-default\" data-id=\"8c70874\" data-element_type=\"section\">\n\t\t\t\t\t\t<div class=\"elementor-container elementor-column-gap-extended\">\n\t\t\t\t\t<div class=\"elementor-column elementor-col-100 elementor-inner-column elementor-element elementor-element-7881ce3\" data-id=\"7881ce3\" data-element_type=\"column\">\n\t\t\t<div class=\"elementor-widget-wrap elementor-element-populated\">\n\t\t\t\t\t\t\t\t<div class=\"elementor-element elementor-element-a73d5ea elementor-widget__width-inherit elementor-icon-list--layout-traditional elementor-list-item-link-full_width elementor-widget elementor-widget-icon-list\" data-id=\"a73d5ea\" data-element_type=\"widget\" data-widget_type=\"icon-list.default\">\n\t\t\t\t<div class=\"elementor-widget-container\">\n\t\t\t<style>\/*! elementor - v3.5.6 - 28-02-2022 *\/\n.elementor-widget.elementor-icon-list--layout-inline .elementor-widget-container{overflow:hidden}.elementor-widget .elementor-icon-list-items.elementor-inline-items{margin-right:-8px;margin-left:-8px}.elementor-widget .elementor-icon-list-items.elementor-inline-items .elementor-icon-list-item{margin-right:8px;margin-left:8px}.elementor-widget .elementor-icon-list-items.elementor-inline-items .elementor-icon-list-item:after{width:auto;left:auto;right:auto;position:relative;height:100%;border-top:0;border-bottom:0;border-right:0;border-left-width:1px;border-style:solid;right:-8px}.elementor-widget .elementor-icon-list-items{list-style-type:none;margin:0;padding:0}.elementor-widget .elementor-icon-list-item{margin:0;padding:0;position:relative}.elementor-widget .elementor-icon-list-item:after{position:absolute;bottom:0;width:100%}.elementor-widget .elementor-icon-list-item,.elementor-widget .elementor-icon-list-item a{display:-webkit-box;display:-ms-flexbox;display:flex;-webkit-box-align:center;-ms-flex-align:center;align-items:center;font-size:inherit}.elementor-widget .elementor-icon-list-icon+.elementor-icon-list-text{-ms-flex-item-align:center;align-self:center;padding-left:5px}.elementor-widget .elementor-icon-list-icon{display:-webkit-box;display:-ms-flexbox;display:flex}.elementor-widget .elementor-icon-list-icon svg{width:var(--e-icon-list-icon-size,1em);height:var(--e-icon-list-icon-size,1em)}.elementor-widget .elementor-icon-list-icon i{width:1.25em;font-size:var(--e-icon-list-icon-size)}.elementor-widget.elementor-widget-icon-list .elementor-icon-list-icon{text-align:var(--e-icon-list-icon-align)}.elementor-widget.elementor-widget-icon-list .elementor-icon-list-icon svg{margin:var(--e-icon-list-icon-margin,0 calc(var(--e-icon-list-icon-size, 1em) * .25) 0 0)}.elementor-widget.elementor-list-item-link-full_width a{width:100%}.elementor-widget.elementor-align-center .elementor-icon-list-item,.elementor-widget.elementor-align-center .elementor-icon-list-item a{-webkit-box-pack:center;-ms-flex-pack:center;justify-content:center}.elementor-widget.elementor-align-center .elementor-icon-list-item:after{margin:auto}.elementor-widget.elementor-align-center .elementor-inline-items{-webkit-box-pack:center;-ms-flex-pack:center;justify-content:center}.elementor-widget.elementor-align-left .elementor-icon-list-item,.elementor-widget.elementor-align-left .elementor-icon-list-item a{-webkit-box-pack:start;-ms-flex-pack:start;justify-content:flex-start;text-align:left}.elementor-widget.elementor-align-left .elementor-inline-items{-webkit-box-pack:start;-ms-flex-pack:start;justify-content:flex-start}.elementor-widget.elementor-align-right .elementor-icon-list-item,.elementor-widget.elementor-align-right .elementor-icon-list-item a{-webkit-box-pack:end;-ms-flex-pack:end;justify-content:flex-end;text-align:right}.elementor-widget.elementor-align-right .elementor-icon-list-items{-webkit-box-pack:end;-ms-flex-pack:end;justify-content:flex-end}.elementor-widget:not(.elementor-align-right) .elementor-icon-list-item:after{left:0}.elementor-widget:not(.elementor-align-left) .elementor-icon-list-item:after{right:0}@media (max-width:1024px){.elementor-widget.elementor-tablet-align-center .elementor-icon-list-item,.elementor-widget.elementor-tablet-align-center .elementor-icon-list-item a,.elementor-widget.elementor-tablet-align-center .elementor-icon-list-items{-webkit-box-pack:center;-ms-flex-pack:center;justify-content:center}.elementor-widget.elementor-tablet-align-center .elementor-icon-list-item:after{margin:auto}.elementor-widget.elementor-tablet-align-left .elementor-icon-list-items{-webkit-box-pack:start;-ms-flex-pack:start;justify-content:flex-start}.elementor-widget.elementor-tablet-align-left .elementor-icon-list-item,.elementor-widget.elementor-tablet-align-left .elementor-icon-list-item a{-webkit-box-pack:start;-ms-flex-pack:start;justify-content:flex-start;text-align:left}.elementor-widget.elementor-tablet-align-right .elementor-icon-list-items{-webkit-box-pack:end;-ms-flex-pack:end;justify-content:flex-end}.elementor-widget.elementor-tablet-align-right .elementor-icon-list-item,.elementor-widget.elementor-tablet-align-right .elementor-icon-list-item a{-webkit-box-pack:end;-ms-flex-pack:end;justify-content:flex-end;text-align:right}.elementor-widget:not(.elementor-tablet-align-right) .elementor-icon-list-item:after{left:0}.elementor-widget:not(.elementor-tablet-align-left) .elementor-icon-list-item:after{right:0}}@media (max-width:767px){.elementor-widget.elementor-mobile-align-center .elementor-icon-list-item,.elementor-widget.elementor-mobile-align-center .elementor-icon-list-item a,.elementor-widget.elementor-mobile-align-center .elementor-icon-list-items{-webkit-box-pack:center;-ms-flex-pack:center;justify-content:center}.elementor-widget.elementor-mobile-align-center .elementor-icon-list-item:after{margin:auto}.elementor-widget.elementor-mobile-align-left .elementor-icon-list-items{-webkit-box-pack:start;-ms-flex-pack:start;justify-content:flex-start}.elementor-widget.elementor-mobile-align-left .elementor-icon-list-item,.elementor-widget.elementor-mobile-align-left .elementor-icon-list-item a{-webkit-box-pack:start;-ms-flex-pack:start;justify-content:flex-start;text-align:left}.elementor-widget.elementor-mobile-align-right .elementor-icon-list-items{-webkit-box-pack:end;-ms-flex-pack:end;justify-content:flex-end}.elementor-widget.elementor-mobile-align-right .elementor-icon-list-item,.elementor-widget.elementor-mobile-align-right .elementor-icon-list-item a{-webkit-box-pack:end;-ms-flex-pack:end;justify-content:flex-end;text-align:right}.elementor-widget:not(.elementor-mobile-align-right) .elementor-icon-list-item:after{left:0}.elementor-widget:not(.elementor-mobile-align-left) .elementor-icon-list-item:after{right:0}}<\/style>\t\t<ul class=\"elementor-icon-list-items\">\n\t\t\t\t\t\t\t<li class=\"elementor-icon-list-item\">\n\t\t\t\t\t\t\t\t\t\t\t<span class=\"elementor-icon-list-icon\">\n\t\t\t\t\t\t\t<svg xmlns=\"http:\/\/www.w3.org\/2000\/svg\" height=\"32\" width=\"32\" viewBox=\"0 0 32 32\"><title>c check<\/title><g fill=\"#bb0a07\" class=\"nc-icon-wrapper\"><path d=\"M16,0A16,16,0,1,0,32,16,16.047,16.047,0,0,0,16,0ZM13,22.414,7.586,17,9,15.586l4,4,10-10L24.414,11Z\" fill=\"#bb0a07\"><\/path><\/g><\/svg>\t\t\t\t\t\t<\/span>\n\t\t\t\t\t\t\t\t\t\t<span class=\"elementor-icon-list-text\">Elm\u00e9leti k\u00e9pz\u00e9s kedvezm\u00e9nyes d\u00edja.: 60.000 Ft<\/span>\n\t\t\t\t\t\t\t\t\t<\/li>\n\t\t\t\t\t\t\t\t<li class=\"elementor-icon-list-item\">\n\t\t\t\t\t\t\t\t\t\t\t<span class=\"elementor-icon-list-icon\">\n\t\t\t\t\t\t\t<svg xmlns=\"http:\/\/www.w3.org\/2000\/svg\" height=\"32\" width=\"32\" viewBox=\"0 0 32 32\"><title>c check<\/title><g fill=\"#bb0a07\" class=\"nc-icon-wrapper\"><path d=\"M16,0A16,16,0,1,0,32,16,16.047,16.047,0,0,0,16,0ZM13,22.414,7.586,17,9,15.586l4,4,10-10L24.414,11Z\" fill=\"#bb0a07\"><\/path><\/g><\/svg>\t\t\t\t\t\t<\/span>\n\t\t\t\t\t\t\t\t\t\t<span class=\"elementor-icon-list-text\">Soron k\u00edv\u00fcli gyors\u00edtott \u00fcgyint\u00e9z\u00e9s p\u00f3td\u00edja 5.000 Ft<\/span>\n\t\t\t\t\t\t\t\t\t<\/li>\n\t\t\t\t\t\t<\/ul>\n\t\t\t\t<\/div>\n\t\t\t\t<\/div>\n\t\t\t\t\t<\/div>\n\t\t<\/div>\n\t\t\t\t\t\t\t<\/div>\n\t\t<\/div>\n\t\t\t\t<div class=\"elementor-element elementor-element-10b1b39 elementor-widget elementor-widget-spacer\" data-id=\"10b1b39\" data-element_type=\"widget\" data-widget_type=\"spacer.default\">\n\t\t\t\t<div class=\"elementor-widget-container\">\n\t\t\t\t\t<div class=\"elementor-spacer\">\n\t\t\t<div class=\"elementor-spacer-inner\"><\/div>\n\t\t<\/div>\n\t\t\t\t<\/div>\n\t\t\t\t<\/div>\n\t\t\t\t<div class=\"elementor-element elementor-element-2deedf3 elementor-widget elementor-widget-text-editor\" data-id=\"2deedf3\" data-element_type=\"widget\" data-widget_type=\"text-editor.default\">\n\t\t\t\t<div class=\"elementor-widget-container\">\n\t\t\t\t\t\t\t<h2>Vizsgad\u00edjak:<\/h2>\t\t\t\t\t\t<\/div>\n\t\t\t\t<\/div>\n\t\t\t\t<div class=\"elementor-element elementor-element-97f60f5 elementor-widget__width-inherit elementor-icon-list--layout-traditional elementor-list-item-link-full_width elementor-widget elementor-widget-icon-list\" data-id=\"97f60f5\" data-element_type=\"widget\" data-widget_type=\"icon-list.default\">\n\t\t\t\t<div class=\"elementor-widget-container\">\n\t\t\t\t\t<ul class=\"elementor-icon-list-items\">\n\t\t\t\t\t\t\t<li class=\"elementor-icon-list-item\">\n\t\t\t\t\t\t\t\t\t\t\t<span class=\"elementor-icon-list-icon\">\n\t\t\t\t\t\t\t<svg xmlns=\"http:\/\/www.w3.org\/2000\/svg\" height=\"32\" width=\"32\" viewBox=\"0 0 32 32\"><title>c check<\/title><g fill=\"#bb0a07\" class=\"nc-icon-wrapper\"><path d=\"M16,0A16,16,0,1,0,32,16,16.047,16.047,0,0,0,16,0ZM13,22.414,7.586,17,9,15.586l4,4,10-10L24.414,11Z\" fill=\"#bb0a07\"><\/path><\/g><\/svg>\t\t\t\t\t\t<\/span>\n\t\t\t\t\t\t\t\t\t\t<span class=\"elementor-icon-list-text\">K\u00f6zleked\u00e9si alapismeretek.: 4.600 Ft<\/span>\n\t\t\t\t\t\t\t\t\t<\/li>\n\t\t\t\t\t\t\t\t<li class=\"elementor-icon-list-item\">\n\t\t\t\t\t\t\t\t\t\t\t<span class=\"elementor-icon-list-icon\">\n\t\t\t\t\t\t\t<svg xmlns=\"http:\/\/www.w3.org\/2000\/svg\" height=\"32\" width=\"32\" viewBox=\"0 0 32 32\"><title>c check<\/title><g fill=\"#bb0a07\" class=\"nc-icon-wrapper\"><path d=\"M16,0A16,16,0,1,0,32,16,16.047,16.047,0,0,0,16,0ZM13,22.414,7.586,17,9,15.586l4,4,10-10L24.414,11Z\" fill=\"#bb0a07\"><\/path><\/g><\/svg>\t\t\t\t\t\t<\/span>\n\t\t\t\t\t\t\t\t\t\t<span class=\"elementor-icon-list-text\">Els\u0151seg\u00e9ly tanfolyam: 15.000 Ft + 15.500 Ft vizsgad\u00edj<\/span>\n\t\t\t\t\t\t\t\t\t<\/li>\n\t\t\t\t\t\t<\/ul>\n\t\t\t\t<\/div>\n\t\t\t\t<\/div>\n\t\t\t\t<div class=\"elementor-element elementor-element-a4c50a3 elementor-widget elementor-widget-text-editor\" data-id=\"a4c50a3\" data-element_type=\"widget\" data-widget_type=\"text-editor.default\">\n\t\t\t\t<div class=\"elementor-widget-container\">\n\t\t\t\t\t\t\t<h2><span style=\"color: #b90b00;\">&#8220;A1&#8221; kateg\u00f3ria elm\u00e9leti k\u00e9pz\u00e9s: 79.600 Ft<\/span><\/h2>\n<div>\n<p>A v\u00e9g\u00f6sszeg az els\u0151seg\u00e9ly k\u00f6lts\u00e9geket nem tartalmazza!<\/p>\n<\/div>\t\t\t\t\t\t<\/div>\n\t\t\t\t<\/div>\n\t\t\t\t<div class=\"elementor-element elementor-element-90b1a5d elementor-widget elementor-widget-spacer\" data-id=\"90b1a5d\" data-element_type=\"widget\" data-widget_type=\"spacer.default\">\n\t\t\t\t<div class=\"elementor-widget-container\">\n\t\t\t\t\t<div class=\"elementor-spacer\">\n\t\t\t<div class=\"elementor-spacer-inner\"><\/div>\n\t\t<\/div>\n\t\t\t\t<\/div>\n\t\t\t\t<\/div>\n\t\t\t\t\t<\/div>\n\t\t<\/div>\n\t\t\t\t<div class=\"elementor-column elementor-col-50 elementor-top-column elementor-element elementor-element-e174b1a\" data-id=\"e174b1a\" data-element_type=\"column\">\n\t\t\t<div class=\"elementor-widget-wrap elementor-element-populated\">\n\t\t\t\t\t\t\t\t<div class=\"elementor-element elementor-element-d334fb2 elementor-align-right elementor-icon-list--layout-traditional elementor-list-item-link-full_width elementor-widget elementor-widget-icon-list\" data-id=\"d334fb2\" data-element_type=\"widget\" data-widget_type=\"icon-list.default\">\n\t\t\t\t<div class=\"elementor-widget-container\">\n\t\t\t\t\t<ul class=\"elementor-icon-list-items\">\n\t\t\t\t\t\t\t<li class=\"elementor-icon-list-item\">\n\t\t\t\t\t\t\t\t\t\t\t<a href=\"https:\/\/thermalati.hu\/site\/am-kategoria\/\">\n\n\t\t\t\t\t\t\t\t\t\t\t\t<span class=\"elementor-icon-list-icon\">\n\t\t\t\t\t\t\t<svg aria-hidden=\"true\" class=\"e-font-icon-svg e-fas-motorcycle\"><use xlink:href=\"#fas-motorcycle\" \/><\/svg>\t\t\t\t\t\t<\/span>\n\t\t\t\t\t\t\t\t\t\t<span class=\"elementor-icon-list-text\">AM (seg\u00e9dmotor)<\/span>\n\t\t\t\t\t\t\t\t\t\t\t<\/a>\n\t\t\t\t\t\t\t\t\t<\/li>\n\t\t\t\t\t\t\t\t<li class=\"elementor-icon-list-item\">\n\t\t\t\t\t\t\t\t\t\t\t<a href=\"https:\/\/thermalati.hu\/site\/a1-kategoria\/\">\n\n\t\t\t\t\t\t\t\t\t\t\t\t<span class=\"elementor-icon-list-icon\">\n\t\t\t\t\t\t\t<svg aria-hidden=\"true\" class=\"e-font-icon-svg e-fas-motorcycle\"><use xlink:href=\"#fas-motorcycle\" \/><\/svg>\t\t\t\t\t\t<\/span>\n\t\t\t\t\t\t\t\t\t\t<span class=\"elementor-icon-list-text\"><font color=\"red\">A1 (max. 125 ccm)<\/font><\/span>\n\t\t\t\t\t\t\t\t\t\t\t<\/a>\n\t\t\t\t\t\t\t\t\t<\/li>\n\t\t\t\t\t\t\t\t<li class=\"elementor-icon-list-item\">\n\t\t\t\t\t\t\t\t\t\t\t<a href=\"https:\/\/thermalati.hu\/site\/a2-kategoria\">\n\n\t\t\t\t\t\t\t\t\t\t\t\t<span class=\"elementor-icon-list-icon\">\n\t\t\t\t\t\t\t<svg aria-hidden=\"true\" class=\"e-font-icon-svg e-fas-motorcycle\"><use xlink:href=\"#fas-motorcycle\" \/><\/svg>\t\t\t\t\t\t<\/span>\n\t\t\t\t\t\t\t\t\t\t<span class=\"elementor-icon-list-text\">A2 (max. 35 KW)<\/span>\n\t\t\t\t\t\t\t\t\t\t\t<\/a>\n\t\t\t\t\t\t\t\t\t<\/li>\n\t\t\t\t\t\t\t\t<li class=\"elementor-icon-list-item\">\n\t\t\t\t\t\t\t\t\t\t\t<a href=\"https:\/\/thermalati.hu\/site\/a-kategoria\">\n\n\t\t\t\t\t\t\t\t\t\t\t\t<span class=\"elementor-icon-list-icon\">\n\t\t\t\t\t\t\t<svg aria-hidden=\"true\" class=\"e-font-icon-svg e-fas-motorcycle\"><use xlink:href=\"#fas-motorcycle\" \/><\/svg>\t\t\t\t\t\t<\/span>\n\t\t\t\t\t\t\t\t\t\t<span class=\"elementor-icon-list-text\">A (minden motor)<\/span>\n\t\t\t\t\t\t\t\t\t\t\t<\/a>\n\t\t\t\t\t\t\t\t\t<\/li>\n\t\t\t\t\t\t\t\t<li class=\"elementor-icon-list-item\">\n\t\t\t\t\t\t\t\t\t\t\t<a href=\"https:\/\/thermalati.hu\/site\/b-kategoria\">\n\n\t\t\t\t\t\t\t\t\t\t\t\t<span class=\"elementor-icon-list-icon\">\n\t\t\t\t\t\t\t<svg aria-hidden=\"true\" class=\"e-font-icon-svg e-fas-car-side\"><use xlink:href=\"#fas-car-side\" \/><\/svg>\t\t\t\t\t\t<\/span>\n\t\t\t\t\t\t\t\t\t\t<span class=\"elementor-icon-list-text\">B (szem\u00e9lyg\u00e9pkocsi)<\/span>\n\t\t\t\t\t\t\t\t\t\t\t<\/a>\n\t\t\t\t\t\t\t\t\t<\/li>\n\t\t\t\t\t\t<\/ul>\n\t\t\t\t<\/div>\n\t\t\t\t<\/div>\n\t\t\t\t<div class=\"elementor-element elementor-element-7636e48 elementor-button-success elementor-widget elementor-widget-button\" data-id=\"7636e48\" data-element_type=\"widget\" data-widget_type=\"button.default\">\n\t\t\t\t<div class=\"elementor-widget-container\">\n\t\t\t\t\t<div class=\"elementor-button-wrapper\">\n\t\t\t<a href=\"https:\/\/thermalati.hu\/site\/jelentkezes\/\" class=\"elementor-button-link elementor-button elementor-size-md\" role=\"button\">\n\t\t\t\t\t\t<span class=\"elementor-button-content-wrapper\">\n\t\t\t\t\t\t<span class=\"elementor-button-icon elementor-align-icon-left\">\n\t\t\t\t<svg aria-hidden=\"true\" class=\"e-font-icon-svg e-fas-bell\"><use xlink:href=\"#fas-bell\" \/><\/svg>\t\t\t<\/span>\n\t\t\t\t\t\t<span class=\"elementor-button-text\">Jelentkez\u00e9s<\/span>\n\t\t<\/span>\n\t\t\t\t\t<\/a>\n\t\t<\/div>\n\t\t\t\t<\/div>\n\t\t\t\t<\/div>\n\t\t\t\t\t<\/div>\n\t\t<\/div>\n\t\t\t\t\t\t\t<\/div>\n\t\t<\/div>\n\t\t\t\t\t\t<\/div>\n\t\t\t\t\t<\/div>\n\t\t","protected":false},"excerpt":{"rendered":"<p>&#8220;A1&#8221; kateg\u00f3ria &#8211; Max. 125 ccm elm\u00e9leti k\u00f6lts\u00e9gei A tanfolyamra 15,5 \u00e9ves kort\u00f3l lehet jelentkezni! c check Elm\u00e9leti k\u00e9pz\u00e9s kedvezm\u00e9nyes d\u00edja.: 60.000 Ft c check Soron k\u00edv\u00fcli gyors\u00edtott \u00fcgyint\u00e9z\u00e9s p\u00f3td\u00edja 5.000 Ft Vizsgad\u00edjak: c check K\u00f6zleked\u00e9si alapismeretek.: 4.600 Ft c check Els\u0151seg\u00e9ly tanfolyam: 15.000 Ft + 15.500 Ft vizsgad\u00edj &#8220;A1&#8221; kateg\u00f3ria elm\u00e9leti k\u00e9pz\u00e9s: 79.600 Ft [&hellip;]<\/p>\n","protected":false},"author":1,"featured_media":1732,"parent":0,"menu_order":0,"comment_status":"closed","ping_status":"closed","template":"tmpl\/template-fullwidth.php","meta":[],"acf":[],"_links":{"self":[{"href":"https:\/\/thermalati.hu\/site\/wp-json\/wp\/v2\/pages\/188"}],"collection":[{"href":"https:\/\/thermalati.hu\/site\/wp-json\/wp\/v2\/pages"}],"about":[{"href":"https:\/\/thermalati.hu\/site\/wp-json\/wp\/v2\/types\/page"}],"author":[{"embeddable":true,"href":"https:\/\/thermalati.hu\/site\/wp-json\/wp\/v2\/users\/1"}],"replies":[{"embeddable":true,"href":"https:\/\/thermalati.hu\/site\/wp-json\/wp\/v2\/comments?post=188"}],"version-history":[{"count":39,"href":"https:\/\/thermalati.hu\/site\/wp-json\/wp\/v2\/pages\/188\/revisions"}],"predecessor-version":[{"id":2425,"href":"https:\/\/thermalati.hu\/site\/wp-json\/wp\/v2\/pages\/188\/revisions\/2425"}],"wp:featuredmedia":[{"embeddable":true,"href":"https:\/\/thermalati.hu\/site\/wp-json\/wp\/v2\/media\/1732"}],"wp:attachment":[{"href":"https:\/\/thermalati.hu\/site\/wp-json\/wp\/v2\/media?parent=188"}],"curies":[{"name":"wp","href":"https:\/\/api.w.org\/{rel}","templated":true}]}}