{"id":174,"date":"2021-12-13T04:45:16","date_gmt":"2021-12-13T03:45:16","guid":{"rendered":"https:\/\/live.21lab.co\/fixlab\/?page_id=174"},"modified":"2025-06-21T11:00:57","modified_gmt":"2025-06-21T09:00:57","slug":"oktatoink","status":"publish","type":"page","link":"https:\/\/thermalati.hu\/site\/oktatoink\/","title":{"rendered":"Oktat\u00f3ink"},"content":{"rendered":"\t\t<div data-elementor-type=\"wp-page\" data-elementor-id=\"174\" class=\"elementor elementor-174\" data-elementor-settings=\"[]\">\n\t\t\t\t\t\t\t<div class=\"elementor-section-wrap\">\n\t\t\t\t\t\t\t<section class=\"elementor-section elementor-top-section elementor-element elementor-element-6e1bc3cd elementor-section-boxed elementor-section-height-default elementor-section-height-default\" data-id=\"6e1bc3cd\" data-element_type=\"section\">\n\t\t\t\t\t\t<div class=\"elementor-container elementor-column-gap-default\">\n\t\t\t\t\t<div class=\"elementor-column elementor-col-100 elementor-top-column elementor-element elementor-element-219a3a59\" data-id=\"219a3a59\" data-element_type=\"column\">\n\t\t\t<div class=\"elementor-widget-wrap elementor-element-populated\">\n\t\t\t\t\t\t\t\t<div class=\"elementor-element elementor-element-53584bac elementor-widget elementor-widget-text-editor\" data-id=\"53584bac\" data-element_type=\"widget\" data-widget_type=\"text-editor.default\">\n\t\t\t\t<div class=\"elementor-widget-container\">\n\t\t\t<style>\/*! elementor - v3.5.6 - 28-02-2022 *\/\n.elementor-widget-text-editor.elementor-drop-cap-view-stacked .elementor-drop-cap{background-color:#818a91;color:#fff}.elementor-widget-text-editor.elementor-drop-cap-view-framed .elementor-drop-cap{color:#818a91;border:3px solid;background-color:transparent}.elementor-widget-text-editor:not(.elementor-drop-cap-view-default) .elementor-drop-cap{margin-top:8px}.elementor-widget-text-editor:not(.elementor-drop-cap-view-default) .elementor-drop-cap-letter{width:1em;height:1em}.elementor-widget-text-editor .elementor-drop-cap{float:left;text-align:center;line-height:1;font-size:50px}.elementor-widget-text-editor .elementor-drop-cap-letter{display:inline-block}<\/style>\t\t\t\t<!-- wp:heading -->\n<h2>Therm\u00e1l Aut\u00f3siskola oktat\u00f3i<\/h2>\n<!-- \/wp:heading --><!-- wp:paragraph -->\n<p>T\u00f6bb \u00e9ves szakmai tapasztalattal v\u00e1rjuk \u00d6n\u00f6ket!<\/p>\n<!-- \/wp:paragraph --><!-- wp:table -->\n<figure class=\"wp-block-table\">\n<table>\n<tbody>\n<tr>\n<td class=\"has-text-align-center\" data-align=\"center\"><img loading=\"lazy\" class=\"alignnone\" src=\"https:\/\/thermalati.hu\/site\/wp-content\/uploads\/2022\/10\/pap_andras-1.jpg\" alt=\"Pap Andr\u00e1s\" width=\"464\" height=\"570\" \/><br \/><strong>Pap Andr\u00e1s<\/strong><br \/><br \/>G\u00e9pkocsi: Mitsubishi ASX 4WD diesel<br \/>V\u00e1llal\u00e1si d\u00edj: 9.500 Ft\/\u00f3ra<\/td>\n<td class=\"has-text-align-center\" data-align=\"center\"><img loading=\"lazy\" class=\"alignnone\" src=\"https:\/\/thermalati.hu\/site\/wp-content\/uploads\/2022\/10\/fabian_attila.jpg\" alt=\"F\u00e1bi\u00e1n Attila\" width=\"464\" height=\"570\" \/><br \/><strong>F\u00e1bi\u00e1n Attila<br \/><\/strong><br \/>G\u00e9pkocsi: Toyota Auris<br \/>V\u00e1llal\u00e1si d\u00edj: 9.500 Ft\/\u00f3ra<\/td>\n<\/tr>\n<tr>\n<td class=\"has-text-align-center\" data-align=\"center\"><img loading=\"lazy\" class=\"alignnone\" src=\"https:\/\/thermalati.hu\/site\/wp-content\/uploads\/2022\/10\/gyure_istvan-1.jpg\" alt=\"Gy\u00fcre Istv\u00e1n\" width=\"464\" height=\"570\" \/><br \/><strong>Gy\u00fcre Istv\u00e1n<\/strong><br \/><br \/>G\u00e9pkocsi: VW Golf kombi &#8211; d\u00edzel<br \/>V\u00e1llal\u00e1si d\u00edj: 9.500 Ft\/\u00f3ra<\/td>\n<td class=\"has-text-align-center\" data-align=\"center\"><img loading=\"lazy\" class=\"alignnone\" src=\"https:\/\/thermalati.hu\/site\/wp-content\/uploads\/2022\/10\/kali_gyorgy.jpg\" alt=\"K\u00e1li Gy\u00f6rgy\" width=\"464\" height=\"570\" \/><br \/><strong>K\u00e1li Gy\u00f6rgy<br \/><\/strong><br \/>G\u00e9pkocsi: Suzuki Baleno<br \/>V\u00e1llal\u00e1si d\u00edj: 9.500 Ft\/\u00f3ra<\/td>\n<\/tr>\n<tr>\n<td class=\"has-text-align-center\" data-align=\"center\"><img loading=\"lazy\" class=\"alignnone\" src=\"https:\/\/thermalati.hu\/site\/wp-content\/uploads\/2024\/05\/szabo_sandor.jpg\" alt=\"Szab\u00f3 S\u00e1ndor\" width=\"464\" height=\"570\" \/><br \/><strong>Szab\u00f3 S\u00e1ndor<br \/><\/strong><br \/>G\u00e9pkocsi: Suzuki SX4 1.5 benzin<br \/>V\u00e1llal\u00e1si d\u00edj: 9.500 Ft\/\u00f3ra<\/td>\n<td class=\"has-text-align-center\" data-align=\"center\"><img loading=\"lazy\" class=\"alignnone wp-image-2743\" src=\"https:\/\/thermalati.hu\/site\/wp-content\/uploads\/2025\/06\/varga_tamas_web.jpg\" alt=\"Varga Tam\u00e1s\" width=\"464\" height=\"570\" \/><br \/><strong>Varga Tam\u00e1s<\/strong><br \/><br \/>G\u00e9pkocsi: Volkswagen Polo<br \/>V\u00e1llal\u00e1si d\u00edj: 9.500 Ft\/\u00f3ra<\/td>\n<\/tr>\n<tr>\n<td class=\"has-text-align-center\" data-align=\"center\"><img loading=\"lazy\" class=\"alignnone\" src=\"https:\/\/thermalati.hu\/site\/wp-content\/uploads\/2024\/05\/kiss_jozsef.jpg\" alt=\"Kiss J\u00f3zsef\" width=\"428\" height=\"570\" \/><br \/><strong>Kiss J\u00f3zsef<\/strong><br \/><br \/>G\u00e9pkocsi: Ford Fiesta 1.4 benzin<br \/>V\u00e1llal\u00e1si d\u00edj: 9.500 Ft\/\u00f3ra<\/td>\n<td class=\"has-text-align-center\" data-align=\"center\"><img loading=\"lazy\" class=\"alignnone\" src=\"https:\/\/thermalati.hu\/site\/wp-content\/uploads\/2024\/05\/nagy_szilard_01-1.jpg\" alt=\"Nagy Szil\u00e1rd\" width=\"429\" height=\"570\" \/><br \/><strong>Nagy Szil\u00e1rd<\/strong><br \/><br \/>G\u00e9pkocsi: Citroen C3 Picasso 1.6 diesel<br \/>V\u00e1llal\u00e1si d\u00edj: 9.500 Ft\/\u00f3ra<\/td>\n<\/tr>\n<\/tbody>\n<\/table>\n<\/figure>\n<!-- \/wp:table --><!-- wp:paragraph -->\n<p><style>\/*! elementor - v3.5.6 - 28-02-2022 *\/&lt;br \/>.elementor-widget-divider{--divider-border-style:none;--divider-border-width:1px;--divider-color:#2c2c2c;--divider-icon-size:20px;--divider-element-spacing:10px;--divider-pattern-height:24px;--divider-pattern-size:20px;--divider-pattern-url:none;--divider-pattern-repeat:repeat-x}.elementor-widget-divider .elementor-divider{display:-webkit-box;display:-ms-flexbox;display:flex}.elementor-widget-divider .elementor-divider__text{font-size:15px;line-height:1;max-width:95%}.elementor-widget-divider .elementor-divider__element{margin:0 var(--divider-element-spacing);-ms-flex-negative:0;flex-shrink:0}.elementor-widget-divider .elementor-icon{font-size:var(--divider-icon-size)}.elementor-widget-divider .elementor-divider-separator{display:-webkit-box;display:-ms-flexbox;display:flex;margin:0;direction:ltr}.elementor-widget-divider--view-line_icon .elementor-divider-separator,.elementor-widget-divider--view-line_text .elementor-divider-separator{-webkit-box-align:center;-ms-flex-align:center;align-items:center}.elementor-widget-divider--view-line_icon .elementor-divider-separator:after,.elementor-widget-divider--view-line_icon .elementor-divider-separator:before,.elementor-widget-divider--view-line_text .elementor-divider-separator:after,.elementor-widget-divider--view-line_text .elementor-divider-separator:before{display:block;content:\"\";border-bottom:0;-webkit-box-flex:1;-ms-flex-positive:1;flex-grow:1;border-top:var(--divider-border-width) var(--divider-border-style) var(--divider-color)}.elementor-widget-divider--element-align-left .elementor-divider .elementor-divider-separator>.elementor-divider__svg:first-of-type{-webkit-box-flex:0;-ms-flex-positive:0;flex-grow:0;-ms-flex-negative:100;flex-shrink:100}.elementor-widget-divider--element-align-left .elementor-divider-separator:before{content:none}.elementor-widget-divider--element-align-left .elementor-divider__element{margin-left:0}.elementor-widget-divider--element-align-right .elementor-divider .elementor-divider-separator>.elementor-divider__svg:last-of-type{-webkit-box-flex:0;-ms-flex-positive:0;flex-grow:0;-ms-flex-negative:100;flex-shrink:100}.elementor-widget-divider--element-align-right .elementor-divider-separator:after{content:none}.elementor-widget-divider--element-align-right .elementor-divider__element{margin-right:0}.elementor-widget-divider:not(.elementor-widget-divider--view-line_text):not(.elementor-widget-divider--view-line_icon) .elementor-divider-separator{border-top:var(--divider-border-width) var(--divider-border-style) var(--divider-color)}.elementor-widget-divider--separator-type-pattern{--divider-border-style:none}.elementor-widget-divider--separator-type-pattern.elementor-widget-divider--view-line .elementor-divider-separator,.elementor-widget-divider--separator-type-pattern:not(.elementor-widget-divider--view-line) .elementor-divider-separator:after,.elementor-widget-divider--separator-type-pattern:not(.elementor-widget-divider--view-line) .elementor-divider-separator:before,.elementor-widget-divider--separator-type-pattern:not([class*=elementor-widget-divider--view]) .elementor-divider-separator{width:100%;min-height:var(--divider-pattern-height);-webkit-mask-size:var(--divider-pattern-size) 100%;mask-size:var(--divider-pattern-size) 100%;-webkit-mask-repeat:var(--divider-pattern-repeat);mask-repeat:var(--divider-pattern-repeat);background-color:var(--divider-color);-webkit-mask-image:var(--divider-pattern-url);mask-image:var(--divider-pattern-url)}.elementor-widget-divider--no-spacing{--divider-pattern-size:auto}.elementor-widget-divider--bg-round{--divider-pattern-repeat:round}.rtl .elementor-widget-divider .elementor-divider__text{direction:rtl}<\/style><\/p>\n<!-- \/wp:paragraph -->\t\t\t\t\t\t<\/div>\n\t\t\t\t<\/div>\n\t\t\t\t\t<\/div>\n\t\t<\/div>\n\t\t\t\t\t\t\t<\/div>\n\t\t<\/section>\n\t\t\t\t\t\t<\/div>\n\t\t\t\t\t<\/div>\n\t\t","protected":false},"excerpt":{"rendered":"<p>Therm\u00e1l Aut\u00f3siskola oktat\u00f3i T\u00f6bb \u00e9ves szakmai tapasztalattal v\u00e1rjuk \u00d6n\u00f6ket! Pap Andr\u00e1s G\u00e9pkocsi: Mitsubishi ASX 4WD dieselV\u00e1llal\u00e1si d\u00edj: 9.500 Ft\/\u00f3ra F\u00e1bi\u00e1n AttilaG\u00e9pkocsi: Toyota AurisV\u00e1llal\u00e1si d\u00edj: 9.500 Ft\/\u00f3ra Gy\u00fcre Istv\u00e1n G\u00e9pkocsi: VW Golf kombi &#8211; d\u00edzelV\u00e1llal\u00e1si d\u00edj: 9.500 Ft\/\u00f3ra K\u00e1li Gy\u00f6rgyG\u00e9pkocsi: Suzuki BalenoV\u00e1llal\u00e1si d\u00edj: 9.500 Ft\/\u00f3ra Szab\u00f3 S\u00e1ndorG\u00e9pkocsi: Suzuki SX4 1.5 benzinV\u00e1llal\u00e1si d\u00edj: 9.500 Ft\/\u00f3ra Varga Tam\u00e1s [&hellip;]<\/p>\n","protected":false},"author":1,"featured_media":1733,"parent":0,"menu_order":0,"comment_status":"closed","ping_status":"closed","template":"","meta":[],"acf":[],"_links":{"self":[{"href":"https:\/\/thermalati.hu\/site\/wp-json\/wp\/v2\/pages\/174"}],"collection":[{"href":"https:\/\/thermalati.hu\/site\/wp-json\/wp\/v2\/pages"}],"about":[{"href":"https:\/\/thermalati.hu\/site\/wp-json\/wp\/v2\/types\/page"}],"author":[{"embeddable":true,"href":"https:\/\/thermalati.hu\/site\/wp-json\/wp\/v2\/users\/1"}],"replies":[{"embeddable":true,"href":"https:\/\/thermalati.hu\/site\/wp-json\/wp\/v2\/comments?post=174"}],"version-history":[{"count":148,"href":"https:\/\/thermalati.hu\/site\/wp-json\/wp\/v2\/pages\/174\/revisions"}],"predecessor-version":[{"id":2747,"href":"https:\/\/thermalati.hu\/site\/wp-json\/wp\/v2\/pages\/174\/revisions\/2747"}],"wp:featuredmedia":[{"embeddable":true,"href":"https:\/\/thermalati.hu\/site\/wp-json\/wp\/v2\/media\/1733"}],"wp:attachment":[{"href":"https:\/\/thermalati.hu\/site\/wp-json\/wp\/v2\/media?parent=174"}],"curies":[{"name":"wp","href":"https:\/\/api.w.org\/{rel}","templated":true}]}}